{"id":790,"date":"2025-07-04T18:51:45","date_gmt":"2025-07-04T22:51:45","guid":{"rendered":"https:\/\/newwestschools.ca\/nwss\/?page_id=790"},"modified":"2025-07-04T19:01:13","modified_gmt":"2025-07-04T23:01:13","slug":"resources-en-francais","status":"publish","type":"page","link":"https:\/\/newwestschools.ca\/nwss\/school-resources\/library\/resources-en-francais\/","title":{"rendered":"Resources en Fran\u00e7ais"},"content":{"rendered":"\n<p>Cherchez ici pour des informations et des instructions concernant les questions sur la citation et la recherche.<\/p>\n\n\n\n<ul class=\"wp-block-list\">\n<li><a href=\"https:\/\/newwestschools.ca\/nwss\/wp-content\/uploads\/sites\/7\/2025\/07\/Citations-style-MLA.pdf\" data-type=\"link\" data-id=\"https:\/\/newwestschools.ca\/nwss\/wp-content\/uploads\/sites\/7\/2025\/07\/Citations-style-MLA.pdf\" target=\"_blank\" rel=\"noreferrer noopener\">Citations style MLA<\/a> &#8211;\n<ul class=\"wp-block-list\">\n<li>Exemples des instances et comment ins\u00e9rer les citations entre\u00a0parenth\u00e8ses dans votre projet ou votre rapport.<\/li>\n<\/ul>\n<\/li>\n\n\n\n<li><a href=\"https:\/\/newwestschools.ca\/nwss\/wp-content\/uploads\/sites\/7\/2025\/07\/Les-connaissances-populaires.pdf\" data-type=\"link\" data-id=\"https:\/\/newwestschools.ca\/nwss\/wp-content\/uploads\/sites\/7\/2025\/07\/Les-connaissances-populaires.pdf\" target=\"_blank\" rel=\"noreferrer noopener\">Les connaissances populaires<\/a> &#8211;\n<ul class=\"wp-block-list\">\n<li>Quand la citation de la source n\u2019est pas n\u00e9cessaire.<\/li>\n<\/ul>\n<\/li>\n\n\n\n<li><a href=\"https:\/\/newwestschools.ca\/nwss\/wp-content\/uploads\/sites\/7\/2025\/07\/bases-de-donnees-vs-internet.pdf\" data-type=\"link\" data-id=\"https:\/\/newwestschools.ca\/nwss\/wp-content\/uploads\/sites\/7\/2025\/07\/bases-de-donnees-vs-internet.pdf\" target=\"_blank\" rel=\"noreferrer noopener\">Bases de donnees vs internet<\/a> &#8211;\n<ul class=\"wp-block-list\">\n<li>Le cas pour choissir les bases de donn\u00e9es sur les sites Web gratuits.<\/li>\n<\/ul>\n<\/li>\n\n\n\n<li><a href=\"https:\/\/newwestschools.ca\/nwss\/wp-content\/uploads\/sites\/7\/2025\/07\/Comment-citer-les-oeuvres-de-references.pdf\" data-type=\"link\" data-id=\"https:\/\/newwestschools.ca\/nwss\/wp-content\/uploads\/sites\/7\/2025\/07\/Comment-citer-les-oeuvres-de-references.pdf\" target=\"_blank\" rel=\"noreferrer noopener\">Comment citer les \u0153uvres de r\u00e9f\u00e9rences<\/a> &#8211;\n<ul class=\"wp-block-list\">\n<li>La citation des sources selon le style MLA<\/li>\n<\/ul>\n<\/li>\n\n\n\n<li><a href=\"https:\/\/newwestschools.ca\/nwss\/wp-content\/uploads\/sites\/7\/2025\/07\/Quete-de-Destiny.pdf\" data-type=\"link\" data-id=\"https:\/\/newwestschools.ca\/nwss\/wp-content\/uploads\/sites\/7\/2025\/07\/Quete-de-Destiny.pdf\" target=\"_blank\" rel=\"noreferrer noopener\">Qu\u00eate de Destiny<\/a> &#8211;\n<ul class=\"wp-block-list\">\n<li>Instructions pour ouvrir une compte dans Destiny Quest.<\/li>\n<\/ul>\n<\/li>\n<\/ul>\n","protected":false},"excerpt":{"rendered":"<p>Cherchez ici pour des informations et des instructions concernant les questions sur la citation et la recherche.<\/p>\n","protected":false},"author":3,"featured_media":0,"parent":371,"menu_order":1,"comment_status":"closed","ping_status":"closed","template":"","meta":{"inline_featured_image":false,"footnotes":""},"class_list":["post-790","page","type-page","status-publish","hentry"],"featured_image_src":null,"_links":{"self":[{"href":"https:\/\/newwestschools.ca\/nwss\/wp-json\/wp\/v2\/pages\/790","targetHints":{"allow":["GET"]}}],"collection":[{"href":"https:\/\/newwestschools.ca\/nwss\/wp-json\/wp\/v2\/pages"}],"about":[{"href":"https:\/\/newwestschools.ca\/nwss\/wp-json\/wp\/v2\/types\/page"}],"author":[{"embeddable":true,"href":"https:\/\/newwestschools.ca\/nwss\/wp-json\/wp\/v2\/users\/3"}],"replies":[{"embeddable":true,"href":"https:\/\/newwestschools.ca\/nwss\/wp-json\/wp\/v2\/comments?post=790"}],"version-history":[{"count":3,"href":"https:\/\/newwestschools.ca\/nwss\/wp-json\/wp\/v2\/pages\/790\/revisions"}],"predecessor-version":[{"id":802,"href":"https:\/\/newwestschools.ca\/nwss\/wp-json\/wp\/v2\/pages\/790\/revisions\/802"}],"up":[{"embeddable":true,"href":"https:\/\/newwestschools.ca\/nwss\/wp-json\/wp\/v2\/pages\/371"}],"wp:attachment":[{"href":"https:\/\/newwestschools.ca\/nwss\/wp-json\/wp\/v2\/media?parent=790"}],"curies":[{"name":"wp","href":"https:\/\/api.w.org\/{rel}","templated":true}]}}